{"id":1148,"date":"2022-04-26T09:41:54","date_gmt":"2022-04-26T08:41:54","guid":{"rendered":"https:\/\/collabor8district.com\/collabor8tagok\/"},"modified":"2024-06-26T17:19:39","modified_gmt":"2024-06-26T16:19:39","slug":"collabor8tagok","status":"publish","type":"page","link":"https:\/\/collabor8district.com\/hu\/collabor8tagok\/","title":{"rendered":"Collabor8tagok"},"content":{"rendered":"<p>[et_pb_section fb_built=&#8221;1&#8243; admin_label=&#8221;section&#8221; _builder_version=&#8221;4.24.3&#8243; background_image=&#8221;https:\/\/collabor8district.com\/wp-content\/uploads\/2024\/06\/WhatsApp-Image-2024-06-26-at-16.46.36.jpeg&#8221; hover_enabled=&#8221;0&#8243; locked=&#8221;off&#8221; global_colors_info=&#8221;{}&#8221; title_text=&#8221;WhatsApp Image 2024-06-26 at 16.46.36&#8243; sticky_enabled=&#8221;0&#8243;][et_pb_row admin_label=&#8221;row&#8221; _builder_version=&#8221;4.16&#8243; background_size=&#8221;initial&#8221; background_position=&#8221;top_left&#8221; background_repeat=&#8221;repeat&#8221; custom_padding=&#8221;125px||125px||true|false&#8221; global_colors_info=&#8221;{}&#8221;][et_pb_column type=&#8221;4_4&#8243; _builder_version=&#8221;4.16&#8243; custom_padding=&#8221;|||&#8221; pac_dcm_carousel_specific_module_num=&#8221;0&#8243; global_colors_info=&#8221;{}&#8221; custom_padding__hover=&#8221;|||&#8221;][\/et_pb_column][\/et_pb_row][\/et_pb_section][et_pb_section fb_built=&#8221;1&#8243; _builder_version=&#8221;4.24.3&#8243; _module_preset=&#8221;default&#8221; background_color=&#8221;#000000&#8243; min_height=&#8221;87.4px&#8221; custom_margin=&#8221;||-36px|||&#8221; locked=&#8221;off&#8221; global_colors_info=&#8221;{}&#8221;][et_pb_row _builder_version=&#8221;4.24.3&#8243; _module_preset=&#8221;default&#8221; width=&#8221;100%&#8221; min_height=&#8221;58.4px&#8221; custom_margin=&#8221;|-1px|-35px|auto||&#8221; custom_padding=&#8221;5px||4px|0px||&#8221; global_colors_info=&#8221;{}&#8221;][et_pb_column type=&#8221;4_4&#8243; _builder_version=&#8221;4.24.3&#8243; _module_preset=&#8221;default&#8221; pac_dcm_carousel_specific_module_num=&#8221;0&#8243; global_colors_info=&#8221;{}&#8221;][et_pb_blurb content_max_width=&#8221;1100px&#8221; _builder_version=&#8221;4.24.3&#8243; _module_preset=&#8221;default&#8221; background_color=&#8221;#000000&#8243; module_alignment=&#8221;left&#8221; min_height=&#8221;44.4px&#8221; custom_margin=&#8221;-51px||-8px|||&#8221; custom_padding=&#8221;2px|||0px||&#8221; global_colors_info=&#8221;{}&#8221;]<\/p>\n<h1><span style=\"color: #ffffff;\"><strong>\u00a0 \u00a0 \u00a0 \u00a0 \u00a0 \u00a0Collabor8ors<\/strong><\/span><\/h1>\n<p>[\/et_pb_blurb][\/et_pb_column][\/et_pb_row][\/et_pb_section][et_pb_section fb_built=&#8221;1&#8243; _builder_version=&#8221;4.16&#8243; custom_padding=&#8221;||0px|||&#8221; locked=&#8221;off&#8221; global_colors_info=&#8221;{}&#8221;][et_pb_row _builder_version=&#8221;4.16&#8243; global_colors_info=&#8221;{}&#8221;][et_pb_column type=&#8221;4_4&#8243; _builder_version=&#8221;4.16&#8243; pac_dcm_carousel_specific_module_num=&#8221;0&#8243; global_colors_info=&#8221;{}&#8221;][et_pb_text _builder_version=&#8221;4.16&#8243; header_2_font=&#8221;|700|||||||&#8221; header_2_text_color=&#8221;#212121&#8243; header_2_font_size=&#8221;3em&#8221; header_6_text_color=&#8221;#4e3bc8&#8243; header_6_font_size=&#8221;0.94em&#8221; global_colors_info=&#8221;{}&#8221;]<\/p>\n<h2 class=\"sc_item_title sc_title_title sc_align_center sc_item_title_style_default\" style=\"text-align: center;\"><span>\u00c9p\u00edtsen kapcsolatokat, ossza meg bev\u00e1lt gyakorlatait, \u00e9s csatlakozzon hozz\u00e1nk a<\/span> <span style=\"color: #00c2cb;\">coworkingben<\/span><\/h2>\n<p>[\/et_pb_text][et_pb_divider color=&#8221;#9da4ac&#8221; divider_style=&#8221;dotted&#8221; divider_weight=&#8221;6px&#8221; _builder_version=&#8221;4.16&#8243; width=&#8221;43px&#8221; module_alignment=&#8221;center&#8221; global_colors_info=&#8221;{}&#8221;][\/et_pb_divider][\/et_pb_column][\/et_pb_row][\/et_pb_section][et_pb_section fb_built=&#8221;1&#8243; _builder_version=&#8221;4.17.1&#8243; _module_preset=&#8221;default&#8221; custom_padding=&#8221;0px|||||&#8221; global_colors_info=&#8221;{}&#8221;][et_pb_row column_structure=&#8221;1_3,1_3,1_3&#8243; make_equal=&#8221;on&#8221; _builder_version=&#8221;4.17.1&#8243; _module_preset=&#8221;default&#8221; global_colors_info=&#8221;{}&#8221;][et_pb_column type=&#8221;1_3&#8243; _builder_version=&#8221;4.17.1&#8243; _module_preset=&#8221;default&#8221; pac_dcm_carousel_specific_module_num=&#8221;0&#8243; global_colors_info=&#8221;{}&#8221;][et_pb_blurb title=&#8221;Solid-BCN Kft. &#8211; Ingatlantan\u00e1csad\u00f3i V\u00e1llalat &#8221; image=&#8221;https:\/\/collabor8district.com\/wp-content\/uploads\/2022\/04\/4d670e_2f55034b940e4e6ea64299c97748f81d_mv2.webp&#8221; _builder_version=&#8221;4.17.1&#8243; _module_preset=&#8221;default&#8221; header_font=&#8221;|600|||||||&#8221; body_font_size=&#8221;14px&#8221; custom_padding=&#8221;15px|15px|15px|15px|true|true&#8221; link_option_url=&#8221;http:\/\/solid-bcn.com\/&#8221; link_option_url_new_window=&#8221;on&#8221; custom_css_blurb_image=&#8221;min-height: 150px;||max-height: 150px;&#8221; custom_css_blurb_title=&#8221;padding-top: 10px&#8221; border_radii=&#8221;on|1px|1px|1px|1px&#8221; border_width_all=&#8221;1px&#8221; border_color_all=&#8221;rgba(0,0,0,0.1)&#8221; border_color_all_image=&#8221;rgba(0,0,0,0.1)&#8221; box_shadow_style=&#8221;preset1&#8243; box_shadow_blur=&#8221;17px&#8221; box_shadow_spread=&#8221;-1px&#8221; box_shadow_color=&#8221;rgba(0,0,0,0.1)&#8221; global_colors_info=&#8221;{}&#8221;]<\/p>\n<p><span>A Solid BCN ingatlankezel\u00e9si szolg\u00e1ltat\u00e1sokat k\u00edn\u00e1l budapesti lak\u00f3ingatlanokhoz. A c\u00e9g t\u00f6bb mint 10 \u00e9ves ingatlangazd\u00e1lkod\u00e1si tapasztalattal rendelkezik, Budapest belv\u00e1ros\u00e1nak klasszikus \u00e9p\u00fcleteire specializ\u00e1l\u00f3dott. Az ingatlanokat a Tulajdonos nev\u00e9ben rekonstru\u00e1lja, berendezi, kezeli.  <\/span><\/p>\n<p><a href=\"http:\/\/solid-bcn.com\/\" target=\"_blank\" rel=\"noopener\">http:\/\/solid-bcn.com\/<\/a><\/p>\n<p>[\/et_pb_blurb][\/et_pb_column][et_pb_column type=&#8221;1_3&#8243; _builder_version=&#8221;4.17.1&#8243; _module_preset=&#8221;default&#8221; pac_dcm_carousel_specific_module_num=&#8221;0&#8243; global_colors_info=&#8221;{}&#8221;][et_pb_blurb title=&#8221;The Fav House &#8221; image=&#8221;https:\/\/collabor8district.com\/wp-content\/uploads\/2024\/05\/Paul-Favier-logo.jpg&#8221; _builder_version=&#8221;4.24.3&#8243; _module_preset=&#8221;default&#8221; header_font=&#8221;|600|||||||&#8221; body_font_size=&#8221;14px&#8221; custom_padding=&#8221;15px|15px|15px|15px|true|true&#8221; link_option_url=&#8221;http:\/\/www.dashboardvision.com\/&#8221; link_option_url_new_window=&#8221;on&#8221; custom_css_blurb_image=&#8221;min-height: 150px;||max-height: 150px;&#8221; custom_css_blurb_title=&#8221;padding-top: 10px&#8221; border_radii=&#8221;on|1px|1px|1px|1px&#8221; border_width_all=&#8221;1px&#8221; border_color_all=&#8221;rgba(0,0,0,0.1)&#8221; border_color_all_image=&#8221;rgba(0,0,0,0.1)&#8221; box_shadow_style=&#8221;preset1&#8243; box_shadow_blur=&#8221;17px&#8221; box_shadow_spread=&#8221;-1px&#8221; box_shadow_color=&#8221;rgba(0,0,0,0.1)&#8221; global_colors_info=&#8221;{}&#8221;]<\/p>\n<p><span style=\"color: #000000;\">The Fav House works closely with its e-commerce owner clients. Our main objective is to increase the profit of our partners. For this our strong experience in advertising is a considerable asset. By targeting the right person, with the words that will resonate with your audience, the profit will follow, voil\u00e0<\/span><span style=\"font-weight: 400;\"><\/span><\/p>\n<p><a href=\"https:\/\/thefavhouse.com\" target=\"_blank\" rel=\"noopener\">https:\/\/thefavhouse.com<\/a><\/p>\n<p>[\/et_pb_blurb][\/et_pb_column][et_pb_column type=&#8221;1_3&#8243; _builder_version=&#8221;4.17.1&#8243; _module_preset=&#8221;default&#8221; pac_dcm_carousel_specific_module_num=&#8221;0&#8243; global_colors_info=&#8221;{}&#8221;][et_pb_blurb title=&#8221;MEHI&#8221; image=&#8221;https:\/\/collabor8district.com\/wp-content\/uploads\/2024\/05\/MEHI_logo_english_rgb.jpg&#8221; _builder_version=&#8221;4.24.3&#8243; _module_preset=&#8221;default&#8221; header_font=&#8221;|600|||||||&#8221; body_font_size=&#8221;14px&#8221; custom_padding=&#8221;15px|15px|15px|15px|true|true&#8221; link_option_url=&#8221;http:\/\/www.realiscon.com&#8221; link_option_url_new_window=&#8221;on&#8221; custom_css_blurb_image=&#8221;min-height: 150px;||max-height: 150px;&#8221; custom_css_blurb_title=&#8221;padding-top: 10px&#8221; border_radii=&#8221;on|1px|1px|1px|1px&#8221; border_width_all=&#8221;1px&#8221; border_color_all=&#8221;rgba(0,0,0,0.1)&#8221; border_color_all_image=&#8221;rgba(0,0,0,0.1)&#8221; box_shadow_style=&#8221;preset1&#8243; box_shadow_blur=&#8221;17px&#8221; box_shadow_spread=&#8221;-1px&#8221; box_shadow_color=&#8221;rgba(0,0,0,0.1)&#8221; global_colors_info=&#8221;{}&#8221;]<\/p>\n<p><span style=\"font-weight: 400; color: #000000;\">The Hungarian Energy Efficiency Institute (MEHI) is an independent, non-profit professional and advocacy organization operating since 2011. We are dedicated to representing the matter of building energy in Hungary. Our goal is to keep the energy consumption of domestic buildings as low as possible thanks to efficient and conscious consumption.\u00a0<\/span><span style=\"font-weight: 400;\"><\/span><\/p>\n<p><span style=\"font-weight: 400;\"><a href=\"http:\/\/mehi.hu\/\" target=\"_blank\" rel=\"noopener\">http:\/\/mehi.hu\/<\/a><\/span><\/p>\n<p><span style=\"font-weight: 400;\"><\/span><\/p>\n<p><span style=\"font-weight: 400;\"><\/span><\/p>\n<p>[\/et_pb_blurb][\/et_pb_column][\/et_pb_row][et_pb_row column_structure=&#8221;1_3,1_3,1_3&#8243; _builder_version=&#8221;4.17.1&#8243; _module_preset=&#8221;default&#8221; global_colors_info=&#8221;{}&#8221;][et_pb_column type=&#8221;1_3&#8243; _builder_version=&#8221;4.17.1&#8243; _module_preset=&#8221;default&#8221; pac_dcm_carousel_specific_module_num=&#8221;0&#8243; global_colors_info=&#8221;{}&#8221;][\/et_pb_column][et_pb_column type=&#8221;1_3&#8243; _builder_version=&#8221;4.17.1&#8243; _module_preset=&#8221;default&#8221; pac_dcm_carousel_specific_module_num=&#8221;0&#8243; global_colors_info=&#8221;{}&#8221;][et_pb_blurb title=&#8221;ELTINGA&#8221; image=&#8221;https:\/\/collabor8district.com\/wp-content\/uploads\/2024\/05\/eltingalogo.png&#8221; image_icon_width=&#8221;75%&#8221; _builder_version=&#8221;4.24.3&#8243; _module_preset=&#8221;default&#8221; header_font=&#8221;|600|||||||&#8221; body_font_size=&#8221;14px&#8221; custom_padding=&#8221;15px|15px|15px|15px|true|true&#8221; link_option_url=&#8221;http:\/\/fantastigo.eu\/&#8221; link_option_url_new_window=&#8221;on&#8221; custom_css_blurb_image=&#8221;min-height: 150px;||max-height: 150px;&#8221; custom_css_blurb_title=&#8221;padding-top: 10px&#8221; border_radii=&#8221;on|1px|1px|1px|1px&#8221; border_width_all=&#8221;1px&#8221; border_color_all=&#8221;rgba(0,0,0,0.1)&#8221; border_color_all_image=&#8221;rgba(0,0,0,0.1)&#8221; box_shadow_style=&#8221;preset1&#8243; box_shadow_blur=&#8221;17px&#8221; box_shadow_spread=&#8221;-1px&#8221; box_shadow_color=&#8221;rgba(0,0,0,0.1)&#8221; global_colors_info=&#8221;{}&#8221;]<\/p>\n<p><span style=\"font-weight: 400; color: #000000;\">ELTINGA is a real estate market and city-related data analysis workshop. Since its launch in 2010, it has launched several new approaches in the analysis of the domestic housing market, from statistical real estate evaluation to the family-friendly neighborhood index to new housing market analyses.<\/span><\/p>\n<p><a href=\"http:\/\/eltinga.hu\/\" target=\"_blank\" rel=\"noopener\">http:\/\/eltinga.hu\/<\/a><\/p>\n<p>[\/et_pb_blurb][\/et_pb_column][et_pb_column type=&#8221;1_3&#8243; _builder_version=&#8221;4.17.1&#8243; _module_preset=&#8221;default&#8221; pac_dcm_carousel_specific_module_num=&#8221;0&#8243; global_colors_info=&#8221;{}&#8221;][\/et_pb_column][\/et_pb_row][\/et_pb_section]<\/p>\n","protected":false},"excerpt":{"rendered":"<p>\u00a0 \u00a0 \u00a0 \u00a0 \u00a0 \u00a0Collabor8ors\u00c9p\u00edtsen kapcsolatokat, ossza meg bev\u00e1lt gyakorlatait, \u00e9s csatlakozzon hozz\u00e1nk a coworkingbenA Solid BCN ingatlankezel\u00e9si szolg\u00e1ltat\u00e1sokat k\u00edn\u00e1l budapesti lak\u00f3ingatlanokhoz. A c\u00e9g t\u00f6bb mint 10 \u00e9ves ingatlangazd\u00e1lkod\u00e1si tapasztalattal rendelkezik, Budapest belv\u00e1ros\u00e1nak klasszikus \u00e9p\u00fcleteire specializ\u00e1l\u00f3dott. Az ingatlanokat a Tulajdonos nev\u00e9ben rekonstru\u00e1lja, berendezi, kezeli. http:\/\/solid-bcn.com\/The Fav House works closely with its e-commerce owner clients. [&hellip;]<\/p>\n","protected":false},"author":1,"featured_media":0,"parent":0,"menu_order":0,"comment_status":"closed","ping_status":"closed","template":"","meta":{"_et_pb_use_builder":"on","_et_pb_old_content":"","_et_gb_content_width":"","rank_math_lock_modified_date":false,"footnotes":""},"class_list":["post-1148","page","type-page","status-publish","hentry"],"_links":{"self":[{"href":"https:\/\/collabor8district.com\/hu\/wp-json\/wp\/v2\/pages\/1148","targetHints":{"allow":["GET"]}}],"collection":[{"href":"https:\/\/collabor8district.com\/hu\/wp-json\/wp\/v2\/pages"}],"about":[{"href":"https:\/\/collabor8district.com\/hu\/wp-json\/wp\/v2\/types\/page"}],"author":[{"embeddable":true,"href":"https:\/\/collabor8district.com\/hu\/wp-json\/wp\/v2\/users\/1"}],"replies":[{"embeddable":true,"href":"https:\/\/collabor8district.com\/hu\/wp-json\/wp\/v2\/comments?post=1148"}],"version-history":[{"count":11,"href":"https:\/\/collabor8district.com\/hu\/wp-json\/wp\/v2\/pages\/1148\/revisions"}],"predecessor-version":[{"id":1889,"href":"https:\/\/collabor8district.com\/hu\/wp-json\/wp\/v2\/pages\/1148\/revisions\/1889"}],"wp:attachment":[{"href":"https:\/\/collabor8district.com\/hu\/wp-json\/wp\/v2\/media?parent=1148"}],"curies":[{"name":"wp","href":"https:\/\/api.w.org\/{rel}","templated":true}]}}