{"id":1161,"date":"2022-05-28T15:38:42","date_gmt":"2022-05-28T14:38:42","guid":{"rendered":"https:\/\/collabor8district.com\/bejelentkezes\/"},"modified":"2022-06-23T16:20:26","modified_gmt":"2022-06-23T15:20:26","slug":"bejelentkezes","status":"publish","type":"page","link":"https:\/\/collabor8district.com\/hu\/bejelentkezes\/","title":{"rendered":"Bejelentkez\u00e9s"},"content":{"rendered":"<p>[et_pb_section fb_built=&#8221;1&#8243; admin_label=&#8221;section&#8221; _builder_version=&#8221;4.17.1&#8243; background_color=&#8221;rgba(0,0,0,0.35)&#8221; background_image=&#8221;https:\/\/collabor8district.com\/wp-content\/uploads\/2022\/05\/collabor8district-coworking1.jpg&#8221; background_blend=&#8221;multiply&#8221; locked=&#8221;off&#8221; global_colors_info=&#8221;{}&#8221; theme_builder_area=&#8221;post_content&#8221;][et_pb_row admin_label=&#8221;row&#8221; _builder_version=&#8221;4.16&#8243; background_size=&#8221;initial&#8221; background_position=&#8221;top_left&#8221; background_repeat=&#8221;repeat&#8221; custom_padding=&#8221;39px||39px||true|false&#8221; global_colors_info=&#8221;{}&#8221; theme_builder_area=&#8221;post_content&#8221;][et_pb_column type=&#8221;4_4&#8243; _builder_version=&#8221;4.16&#8243; custom_padding=&#8221;|||&#8221; pac_dcm_carousel_specific_module_num=&#8221;0&#8243; global_colors_info=&#8221;{}&#8221; custom_padding__hover=&#8221;|||&#8221; theme_builder_area=&#8221;post_content&#8221;][et_pb_text _builder_version=&#8221;4.17.1&#8243; text_font=&#8221;|300|||||||&#8221; text_text_color=&#8221;#ffffff&#8221; header_2_font=&#8221;|800|||||||&#8221; header_2_text_color=&#8221;#ffffff&#8221; header_2_font_size=&#8221;53px&#8221; header_2_letter_spacing=&#8221;1px&#8221; header_2_line_height=&#8221;1.2em&#8221; global_colors_info=&#8221;{}&#8221; theme_builder_area=&#8221;post_content&#8221;]<\/p>\n<h2 style=\"text-align: left;\">Collabor8 Tagok<br \/>Priv\u00e1t Ter\u00fclet<span style=\"color: #00c2cb;\">.<\/span><\/h2>\n<p>[\/et_pb_text][\/et_pb_column][\/et_pb_row][\/et_pb_section][et_pb_section fb_built=&#8221;1&#8243; _builder_version=&#8221;4.17.1&#8243; _module_preset=&#8221;default&#8221; custom_padding=&#8221;40px|||||&#8221; global_colors_info=&#8221;{}&#8221; theme_builder_area=&#8221;post_content&#8221;][et_pb_row _builder_version=&#8221;4.17.1&#8243; _module_preset=&#8221;default&#8221; background_enable_color=&#8221;off&#8221; custom_padding=&#8221;0px||0px||true|true&#8221; hover_enabled=&#8221;0&#8243; global_colors_info=&#8221;{}&#8221; theme_builder_area=&#8221;post_content&#8221; sticky_enabled=&#8221;0&#8243;][et_pb_column type=&#8221;4_4&#8243; _builder_version=&#8221;4.17.1&#8243; _module_preset=&#8221;default&#8221; hover_enabled=&#8221;0&#8243; pac_dcm_carousel_specific_module_num=&#8221;0&#8243; global_colors_info=&#8221;{}&#8221; theme_builder_area=&#8221;post_content&#8221; sticky_enabled=&#8221;0&#8243;][et_pb_text _builder_version=&#8221;4.17.1&#8243; _module_preset=&#8221;default&#8221; hover_enabled=&#8221;0&#8243; global_colors_info=&#8221;{}&#8221; theme_builder_area=&#8221;post_content&#8221; sticky_enabled=&#8221;0&#8243;]<\/p>\n<p><strong>A priv\u00e1t ter\u00fclet a Collabor8district tagjai \u00e9s partnerei sz\u00e1m\u00e1ra van fenntartva. <\/strong><\/p>\n<p><a>\n<div class=\"cleanlogin-container\">\t\t\n\n\t<form class=\"cleanlogin-form\" method=\"post\" action=\"https:\/\/collabor8district.com\/hu\/bejelentkezes\/\" onsubmit=\"submit.disabled = true; return true;\">\n\t\t\t\n\t\t<fieldset>\n\n\t\t\t\t\t\t<div class=\"cleanlogin-field\">\n                <label for=\"log\">Username<\/label>\n\t\t\t\t<input class=\"cleanlogin-field-username\" type=\"text\" name=\"log\" placeholder=\"Username\" aria-label=\"Username\">\n\t\t\t<\/div>\n\t\t\t\n\t\t\t<div class=\"cleanlogin-field\">\n                <label for=\"pwd\">Password<\/label>\n\t\t\t\t<input class=\"cleanlogin-field-password\" type=\"password\" id=\"pwd\" name=\"pwd\" placeholder=\"Password\" aria-label=\"Password\">\n                <i class=\"bi bi-eye-slash\" id=\"togglePassword\"><\/i>\n\t\t\t<\/div>\n\n\t\t\t\t\t\n\t\t\t<input type=\"hidden\" name=\"clean_login_wpnonce\" value=\"917ebfdfb6\">\n            \n\t\t\t\t\t<\/fieldset>\n\t\t\n\t\t<fieldset>\n\t\t\t<input class=\"cleanlogin-field\" type=\"submit\" value=\"Log in\" name=\"submit\">\n\t\t\t<input type=\"hidden\" name=\"action\" value=\"login\">\n\t\t\t\n\t\t\t<div class=\"cleanlogin-field cleanlogin-field-remember\">\n\t\t\t\t<input type=\"checkbox\" id=\"rememberme\" name=\"rememberme\" value=\"forever\">\n\t\t\t\t<label for=\"rememberme\">Remember?<\/label>\n\t\t\t<\/div>\n\t\t<\/fieldset>\n\n\t\t\n\t\t<div class=\"cleanlogin-form-bottom\">\n\t\t\t\n            \n\t\t\t\t\t\t\t\t\t\n\t\t<\/div>\n\t\t\n\t<\/form>\n\n<\/div>\n\n<script>\nconst togglePassword = document.querySelector('#togglePassword');\nconst password = document.querySelector('#pwd');\n\ntogglePassword.addEventListener('click', function (e) {\n    const type = password.getAttribute('type') === 'password' ? 'text' : 'password';\n    password.setAttribute('type', type);\n    this.classList.toggle('bi-eye');\n});\n<\/script><\/a><\/p>\n<p>[\/et_pb_text][\/et_pb_column][\/et_pb_row][\/et_pb_section]<\/p>\n","protected":false},"excerpt":{"rendered":"<p>Collabor8 TagokPriv\u00e1t Ter\u00fclet.A priv\u00e1t ter\u00fclet a Collabor8district tagjai \u00e9s partnerei sz\u00e1m\u00e1ra van fenntartva. \n<div class=\"cleanlogin-container\">\t\t\n\n\t<form class=\"cleanlogin-form\" method=\"post\" action=\"https:\/\/collabor8district.com\/hu\/bejelentkezes\/\" onsubmit=\"submit.disabled = true; return true;\">\n\t\t\t\n\t\t<fieldset>\n\n\t\t\t\t\t\t<div class=\"cleanlogin-field\">\n                <label for=\"log\">Username<\/label>\n\t\t\t\t<input class=\"cleanlogin-field-username\" type=\"text\" name=\"log\" placeholder=\"Username\" aria-label=\"Username\">\n\t\t\t<\/div>\n\t\t\t\n\t\t\t<div class=\"cleanlogin-field\">\n                <label for=\"pwd\">Password<\/label>\n\t\t\t\t<input class=\"cleanlogin-field-password\" type=\"password\" id=\"pwd\" name=\"pwd\" placeholder=\"Password\" aria-label=\"Password\">\n                <i class=\"bi bi-eye-slash\" id=\"togglePassword\"><\/i>\n\t\t\t<\/div>\n\n\t\t\t\t\t\n\t\t\t<input type=\"hidden\" name=\"clean_login_wpnonce\" value=\"917ebfdfb6\">\n            \n\t\t\t\t\t<\/fieldset>\n\t\t\n\t\t<fieldset>\n\t\t\t<input class=\"cleanlogin-field\" type=\"submit\" value=\"Log in\" name=\"submit\">\n\t\t\t<input type=\"hidden\" name=\"action\" value=\"login\">\n\t\t\t\n\t\t\t<div class=\"cleanlogin-field cleanlogin-field-remember\">\n\t\t\t\t<input type=\"checkbox\" id=\"rememberme\" name=\"rememberme\" value=\"forever\">\n\t\t\t\t<label for=\"rememberme\">Remember?<\/label>\n\t\t\t<\/div>\n\t\t<\/fieldset>\n\n\t\t\n\t\t<div class=\"cleanlogin-form-bottom\">\n\t\t\t\n            \n\t\t\t\t\t\t\t\t\t\n\t\t<\/div>\n\t\t\n\t<\/form>\n\n<\/div>\n\n<script>\nconst togglePassword = document.querySelector('#togglePassword');\nconst password = document.querySelector('#pwd');\n\ntogglePassword.addEventListener('click', function (e) {\n    const type = password.getAttribute('type') === 'password' ? 'text' : 'password';\n    password.setAttribute('type', type);\n    this.classList.toggle('bi-eye');\n});\n<\/script><\/p>\n","protected":false},"author":1,"featured_media":0,"parent":0,"menu_order":0,"comment_status":"closed","ping_status":"closed","template":"","meta":{"_et_pb_use_builder":"on","_et_pb_old_content":"","_et_gb_content_width":"","rank_math_lock_modified_date":false,"footnotes":""},"class_list":["post-1161","page","type-page","status-publish","hentry"],"_links":{"self":[{"href":"https:\/\/collabor8district.com\/hu\/wp-json\/wp\/v2\/pages\/1161","targetHints":{"allow":["GET"]}}],"collection":[{"href":"https:\/\/collabor8district.com\/hu\/wp-json\/wp\/v2\/pages"}],"about":[{"href":"https:\/\/collabor8district.com\/hu\/wp-json\/wp\/v2\/types\/page"}],"author":[{"embeddable":true,"href":"https:\/\/collabor8district.com\/hu\/wp-json\/wp\/v2\/users\/1"}],"replies":[{"embeddable":true,"href":"https:\/\/collabor8district.com\/hu\/wp-json\/wp\/v2\/comments?post=1161"}],"version-history":[{"count":2,"href":"https:\/\/collabor8district.com\/hu\/wp-json\/wp\/v2\/pages\/1161\/revisions"}],"predecessor-version":[{"id":1163,"href":"https:\/\/collabor8district.com\/hu\/wp-json\/wp\/v2\/pages\/1161\/revisions\/1163"}],"wp:attachment":[{"href":"https:\/\/collabor8district.com\/hu\/wp-json\/wp\/v2\/media?parent=1161"}],"curies":[{"name":"wp","href":"https:\/\/api.w.org\/{rel}","templated":true}]}}