{"id":826,"date":"2022-04-05T18:03:47","date_gmt":"2022-04-05T17:03:47","guid":{"rendered":"https:\/\/collabor8.negociactiu.cat\/rolunk\/"},"modified":"2024-06-26T17:09:47","modified_gmt":"2024-06-26T16:09:47","slug":"rolunk","status":"publish","type":"page","link":"https:\/\/collabor8district.com\/hu\/rolunk\/","title":{"rendered":"R\u00f3lunk"},"content":{"rendered":"<p>[et_pb_section fb_built=&#8221;1&#8243; admin_label=&#8221;section&#8221; _builder_version=&#8221;4.24.3&#8243; background_image=&#8221;https:\/\/collabor8district.com\/wp-content\/uploads\/2024\/06\/Born-to-hustle.-3.png&#8221; custom_padding=&#8221;||101px|||&#8221; hover_enabled=&#8221;0&#8243; global_colors_info=&#8221;{}&#8221; title_text=&#8221;Born to hustle. (3)&#8221; sticky_enabled=&#8221;0&#8243;][et_pb_row admin_label=&#8221;row&#8221; _builder_version=&#8221;4.16&#8243; background_size=&#8221;initial&#8221; background_position=&#8221;top_left&#8221; background_repeat=&#8221;repeat&#8221; custom_padding=&#8221;125px||125px||true|false&#8221; global_colors_info=&#8221;{}&#8221;][et_pb_column type=&#8221;4_4&#8243; _builder_version=&#8221;4.16&#8243; custom_padding=&#8221;|||&#8221; pac_dcm_carousel_specific_module_num=&#8221;0&#8243; global_colors_info=&#8221;{}&#8221; custom_padding__hover=&#8221;|||&#8221;][\/et_pb_column][\/et_pb_row][\/et_pb_section][et_pb_section fb_built=&#8221;1&#8243; _builder_version=&#8221;4.24.3&#8243; _module_preset=&#8221;default&#8221; background_color=&#8221;#000000&#8243; min_height=&#8221;182px&#8221; custom_margin=&#8221;||-61px|||&#8221; custom_padding=&#8221;0px||0px|||&#8221; locked=&#8221;off&#8221; global_colors_info=&#8221;{}&#8221;][et_pb_row _builder_version=&#8221;4.24.3&#8243; _module_preset=&#8221;default&#8221; custom_margin=&#8221;|auto|-141px|auto||&#8221; custom_padding=&#8221;11px|||3px||&#8221; global_colors_info=&#8221;{}&#8221;][et_pb_column type=&#8221;4_4&#8243; _builder_version=&#8221;4.24.3&#8243; _module_preset=&#8221;default&#8221; pac_dcm_carousel_specific_module_num=&#8221;0&#8243; global_colors_info=&#8221;{}&#8221;][et_pb_blurb _builder_version=&#8221;4.24.3&#8243; _module_preset=&#8221;default&#8221; min_height=&#8221;40.4px&#8221; custom_padding=&#8221;0px|||||&#8221; global_colors_info=&#8221;{}&#8221;]<\/p>\n<h1 style=\"text-align: center;\"><span style=\"color: #ffffff;\"><strong>R\u00f3lunk<\/strong><\/span><\/h1>\n<p>[\/et_pb_blurb][\/et_pb_column][\/et_pb_row][\/et_pb_section][et_pb_section fb_built=&#8221;1&#8243; _builder_version=&#8221;4.16&#8243; min_height=&#8221;1042.8px&#8221; custom_margin=&#8221;-92px|||||&#8221; custom_padding=&#8221;25px||0px|||&#8221; global_colors_info=&#8221;{}&#8221;][et_pb_row _builder_version=&#8221;4.16&#8243; global_colors_info=&#8221;{}&#8221;][et_pb_column type=&#8221;4_4&#8243; _builder_version=&#8221;4.16&#8243; pac_dcm_carousel_specific_module_num=&#8221;0&#8243; global_colors_info=&#8221;{}&#8221;][et_pb_text _builder_version=&#8221;4.16&#8243; header_2_font=&#8221;|700|||||||&#8221; header_2_text_color=&#8221;#212121&#8243; header_2_font_size=&#8221;3em&#8221; header_6_text_color=&#8221;#4e3bc8&#8243; header_6_font_size=&#8221;0.94em&#8221; global_colors_info=&#8221;{}&#8221;]<\/p>\n<h2 class=\"sc_item_title sc_title_title sc_align_center sc_item_title_style_default\" style=\"text-align: center;\">Amikor csak <span style=\"color: #00C2CB;\">sz\u00fcks\u00e9ge<\/span> van r\u00e1nk<br \/>\n <\/h2>\n<p>[\/et_pb_text][et_pb_divider color=&#8221;#9da4ac&#8221; divider_style=&#8221;dotted&#8221; divider_weight=&#8221;6px&#8221; _builder_version=&#8221;4.16&#8243; width=&#8221;43px&#8221; module_alignment=&#8221;center&#8221; global_colors_info=&#8221;{}&#8221;][\/et_pb_divider][et_pb_text _builder_version=&#8221;4.16&#8243; text_font=&#8221;|300|||||||&#8221; text_text_color=&#8221;#63656c&#8221; custom_padding=&#8221;|150px||150px|false|true&#8221; custom_padding_tablet=&#8221;|75px||75px|false|true&#8221; custom_padding_phone=&#8221;&#8221; custom_padding_last_edited=&#8221;on|desktop&#8221; global_colors_info=&#8221;{}&#8221;]<\/p>\n<div id=\"sc_title_1397280260\" class=\"sc_title color_style_default sc_title_default max_width_60_per\">\n<div class=\"sc_item_descr sc_title_descr sc_align_center\">\n<div id=\"sc_title_1765729074\" class=\"sc_title color_style_link2 sc_title_default max_width_70_per\">\n<div class=\"sc_item_descr sc_title_descr sc_align_center\">\n<p style=\"text-align: center;\">A Collabor8district k\u00f6z\u00f6ss\u00e9gi iroda a Palotanegyed sz\u00edv\u00e9ben, a K\u00e1lvin t\u00e9rt\u0151l p\u00e1r perc s\u00e9t\u00e1ra, egy nagyon k\u00f6zponti \u00e9s k\u00f6nnyen megk\u00f6zel\u00edthet\u0151 helyen tal\u00e1lhat\u00f3 a 8. ker\u00fcletben, ami az elm\u00falt \u00e9vek sor\u00e1n az egyik legt\u00f6bbet fejl\u0151d\u00f6tt a ker\u00fcletek k\u00f6z\u00fcl.<\/p>\n<\/div>\n<\/div>\n<\/div>\n<\/div>\n<p>[\/et_pb_text][\/et_pb_column][\/et_pb_row][et_pb_row _builder_version=&#8221;4.16&#8243; width=&#8221;100%&#8221; max_width=&#8221;100%&#8221; global_colors_info=&#8221;{}&#8221;][et_pb_column type=&#8221;4_4&#8243; _builder_version=&#8221;4.16&#8243; pac_dcm_carousel_specific_module_num=&#8221;0&#8243; global_colors_info=&#8221;{}&#8221;][et_pb_code _builder_version=&#8221;4.16&#8243; global_colors_info=&#8221;{}&#8221;]<iframe src=\"https:\/\/www.google.com\/maps\/embed?pb=!1m18!1m12!1m3!1d2696.029078953173!2d19.065046115569817!3d47.48934687917708!2m3!1f0!2f0!3f0!3m2!1i1024!2i768!4f13.1!3m3!1m2!1s0x4741dc597ccaa157%3A0x53a9f2474c29319b!2sCollabor8district%20-%20Coworking!5e0!3m2!1sen!2s!4v1649280168865!5m2!1sen!2s\" width=\"100%\" height=\"450\" style=\"border:0;\" allowfullscreen=\"\" loading=\"lazy\" referrerpolicy=\"no-referrer-when-downgrade\"><\/iframe>[\/et_pb_code][\/et_pb_column][\/et_pb_row][\/et_pb_section][et_pb_section fb_built=&#8221;1&#8243; _builder_version=&#8221;4.16&#8243; background_enable_color=&#8221;off&#8221; custom_padding=&#8221;35px||35px||true|false&#8221; global_colors_info=&#8221;{}&#8221;][et_pb_row column_structure=&#8221;1_2,1_2&#8243; make_equal=&#8221;on&#8221; _builder_version=&#8221;4.17.1&#8243; module_alignment=&#8221;center&#8221; global_colors_info=&#8221;{}&#8221;][et_pb_column type=&#8221;1_2&#8243; _builder_version=&#8221;4.17.1&#8243; background_enable_image=&#8221;off&#8221; background_position=&#8221;top_center&#8221; custom_css_main_element=&#8221;margin:auto;&#8221; pac_dcm_carousel_specific_module_num=&#8221;0&#8243; global_colors_info=&#8221;{}&#8221;][et_pb_image src=&#8221;https:\/\/collabor8district.com\/wp-content\/uploads\/2024\/06\/WhatsApp-Image-2024-06-26-at-16.45.05.jpeg&#8221; title_text=&#8221;WhatsApp Image 2024-06-26 at 16.45.05&#8243; align=&#8221;center&#8221; _builder_version=&#8221;4.24.3&#8243; width=&#8221;100%&#8221; max_width=&#8221;100%&#8221; hover_enabled=&#8221;0&#8243; global_colors_info=&#8221;{}&#8221; sticky_enabled=&#8221;0&#8243;][\/et_pb_image][\/et_pb_column][et_pb_column type=&#8221;1_2&#8243; _builder_version=&#8221;4.17.1&#8243; custom_padding=&#8221;50px||50px||true|false&#8221; custom_css_main_element=&#8221;margin:auto;&#8221; pac_dcm_carousel_specific_module_num=&#8221;0&#8243; global_colors_info=&#8221;{}&#8221;][et_pb_text _builder_version=&#8221;4.16&#8243; text_font=&#8221;|300|||||||&#8221; text_text_color=&#8221;#63656c&#8221; text_font_size=&#8221;22px&#8221; text_line_height=&#8221;1.8em&#8221; custom_padding=&#8221;||||false|true&#8221; custom_padding_tablet=&#8221;||||false|true&#8221; custom_padding_phone=&#8221;&#8221; custom_padding_last_edited=&#8221;on|desktop&#8221; global_colors_info=&#8221;{}&#8221;]<\/p>\n<p><strong><span style=\"color: #00c2cb;\">Collabor8district<\/span><\/strong> egy minimalista, de inspir\u00e1l\u00f3 k\u00f6rnyezet egyedi munka\u00e1llom\u00e1sokkal, t\u00e1rgyal\u00f3 teremmel felszerelt, r\u00f6vid \u00e9s hossz\u00fa t\u00e1vra el\u00e9rhet\u0151 priv\u00e1t irod\u00e1k mellett, rendezv\u00e9nyhelysz\u00ednk\u00e9nt is \u00fczemel.<\/p>\n<p>N\u00e1lunk b\u00e1rmilyen \u00fcgyfelet fogadhatsz: a t\u00e1rgyal\u00f3 term\u00fcnk \u00e9s az irodatechnik\u00e1nk m\u00e9lt\u00f3 h\u00e1torsz\u00e1got \u00e9s <span style=\"color: #00c2cb;\">leny\u0171g\u00f6z\u0151 els\u0151 benyom\u00e1st<\/span> biztos\u00edtanak.<\/p>\n<p>[\/et_pb_text][\/et_pb_column][\/et_pb_row][et_pb_row column_structure=&#8221;1_2,1_2&#8243; make_equal=&#8221;on&#8221; _builder_version=&#8221;4.17.1&#8243; global_colors_info=&#8221;{}&#8221;][et_pb_column type=&#8221;1_2&#8243; _builder_version=&#8221;4.17.1&#8243; custom_padding=&#8221;50px||50px||true|false&#8221; custom_css_main_element=&#8221;margin:auto;&#8221; pac_dcm_carousel_specific_module_num=&#8221;0&#8243; global_colors_info=&#8221;{}&#8221;][et_pb_text _builder_version=&#8221;4.16&#8243; text_font=&#8221;|300|||||||&#8221; text_text_color=&#8221;#63656c&#8221; text_font_size=&#8221;22px&#8221; text_line_height=&#8221;1.8em&#8221; custom_padding=&#8221;||||false|true&#8221; custom_padding_tablet=&#8221;||||false|true&#8221; custom_padding_phone=&#8221;&#8221; custom_padding_last_edited=&#8221;on|desktop&#8221; global_colors_info=&#8221;{}&#8221;]<strong><span style=\"color: #00c2cb;\">Filoz\u00f3fia<\/span><\/strong> Olyan egym\u00e1st inspir\u00e1l\u00f3 \u00e9s t\u00e1mogat\u00f3 l\u00e9gk\u00f6rt szeretn\u00e9nk kialak\u00edtani, amely napr\u00f3l napra lehet\u0151s\u00e9get ny\u00fajt a szakmai \u00e9s emberi kapcsolatok \u00e9p\u00edt\u00e9s\u00e9re, ihletszerz\u00e9sre \u00e9s \u00f6nfejleszt\u00e9sre.<\/p>\n<p><strong><span style=\"color: #00c2cb;\">C\u00e9lkit\u0171z\u00e9s<\/span><\/strong> \u201cSoha ne dolgozz egyed\u00fcl!\u201d A munka soksz\u00edn\u0171 k\u00f6z\u00f6ss\u00e9gben \u00e9lm\u00e9ny, hisz\u00fcnk a k\u00f6z\u00f6ss\u00e9g erej\u00e9ben, c\u00e9lunk a munka \u00e9s a mag\u00e1n\u00e9let \u00f6sszehangol\u00e1sa[\/et_pb_text][\/et_pb_column][et_pb_column type=&#8221;1_2&#8243; _builder_version=&#8221;4.17.1&#8243; background_enable_image=&#8221;off&#8221; background_position=&#8221;top_center&#8221; custom_css_main_element=&#8221;margin:auto;&#8221; pac_dcm_carousel_specific_module_num=&#8221;0&#8243; global_colors_info=&#8221;{}&#8221;][et_pb_image src=&#8221;https:\/\/collabor8district.com\/wp-content\/uploads\/2024\/06\/teamwork.jpg&#8221; title_text=&#8221;teamwork&#8221; align=&#8221;center&#8221; _builder_version=&#8221;4.24.3&#8243; width=&#8221;100%&#8221; max_width=&#8221;100%&#8221; box_shadow_style=&#8221;preset4&#8243; global_colors_info=&#8221;{}&#8221;][\/et_pb_image][\/et_pb_column][\/et_pb_row][et_pb_row _builder_version=&#8221;4.16&#8243; global_colors_info=&#8221;{}&#8221;][et_pb_column type=&#8221;4_4&#8243; _builder_version=&#8221;4.16&#8243; pac_dcm_carousel_specific_module_num=&#8221;0&#8243; global_colors_info=&#8221;{}&#8221;][et_pb_button button_url=&#8221;@ET-DC@eyJkeW5hbWljIjp0cnVlLCJjb250ZW50IjoicG9zdF9saW5rX3VybF9wYWdlIiwic2V0dGluZ3MiOnsicG9zdF9pZCI6IjY0In19@&#8221; button_text=&#8221;CSATLAKOZOK!&#8221; button_alignment=&#8221;center&#8221; _builder_version=&#8221;4.17.1&#8243; _dynamic_attributes=&#8221;button_url&#8221; custom_margin=&#8221;0px||||false|false&#8221; global_colors_info=&#8221;{}&#8221;][\/et_pb_button][\/et_pb_column][\/et_pb_row][\/et_pb_section][et_pb_section fb_built=&#8221;1&#8243; disabled_on=&#8221;on|on|on&#8221; _builder_version=&#8221;4.17.1&#8243; custom_padding=&#8221;0px||0px|||&#8221; disabled=&#8221;on&#8221; global_colors_info=&#8221;{}&#8221;][et_pb_row _builder_version=&#8221;4.16&#8243; background_color=&#8221;rgba(0,0,0,0.5)&#8221; background_image=&#8221;https:\/\/collabor8district.com\/wp-content\/uploads\/2022\/04\/Asset-1@2x-1.png&#8221; background_blend=&#8221;overlay&#8221; width=&#8221;100%&#8221; max_width=&#8221;100%&#8221; global_colors_info=&#8221;{}&#8221;][et_pb_column type=&#8221;4_4&#8243; _builder_version=&#8221;4.16&#8243; pac_dcm_carousel_specific_module_num=&#8221;0&#8243; global_colors_info=&#8221;{}&#8221;][et_pb_text _builder_version=&#8221;4.16&#8243; text_font=&#8221;|700|||||||&#8221; text_font_size=&#8221;50px&#8221; custom_padding=&#8221;150px||150px||true|false&#8221; global_colors_info=&#8221;{}&#8221;]<\/p>\n<p style=\"text-align: center;\"><span style=\"color: #00e1dd!important;\">Watch \u00a0<img loading=\"lazy\" decoding=\"async\" src=\"https:\/\/collabor8district.com\/wp-content\/uploads\/2022\/04\/Asset-7@3x.png\" width=\"90\" height=\"102\" alt=\"\" class=\"wp-image-225 alignnone size-full\" style=\"vertical-align: middle;\" \/> Video<\/span><\/p>\n<p>[\/et_pb_text][\/et_pb_column][\/et_pb_row][\/et_pb_section][et_pb_section fb_built=&#8221;1&#8243; _builder_version=&#8221;4.16&#8243; background_enable_color=&#8221;off&#8221; custom_padding=&#8221;100px||100px||true|false&#8221; global_colors_info=&#8221;{}&#8221;][et_pb_row _builder_version=&#8221;4.16&#8243; global_colors_info=&#8221;{}&#8221;][et_pb_column type=&#8221;4_4&#8243; _builder_version=&#8221;4.16&#8243; pac_dcm_carousel_specific_module_num=&#8221;0&#8243; global_colors_info=&#8221;{}&#8221;][et_pb_text _builder_version=&#8221;4.16&#8243; header_2_font=&#8221;|700|||||||&#8221; header_2_text_color=&#8221;#212121&#8243; header_2_font_size=&#8221;3em&#8221; header_6_text_color=&#8221;#00e1dd&#8221; header_6_font_size=&#8221;0.94em&#8221; min_height=&#8221;398px&#8221; custom_margin=&#8221;||-276px|||&#8221; custom_padding=&#8221;||101px|||&#8221; global_colors_info=&#8221;{}&#8221;]<\/p>\n<h2 class=\"sc_item_title sc_title_title sc_align_center sc_item_title_style_default\" style=\"text-align: center;\">K\u00f6z\u00f6ss\u00e9g\u00fcnk<\/h2>\n<p>[\/et_pb_text][et_pb_divider color=&#8221;#9da4ac&#8221; divider_style=&#8221;dotted&#8221; divider_weight=&#8221;6px&#8221; _builder_version=&#8221;4.16&#8243; width=&#8221;43px&#8221; module_alignment=&#8221;center&#8221; global_colors_info=&#8221;{}&#8221;][\/et_pb_divider][\/et_pb_column][\/et_pb_row][et_pb_row column_structure=&#8221;1_2,1_2&#8243; _builder_version=&#8221;4.24.3&#8243; width=&#8221;90%&#8221; max_width=&#8221;90%&#8221; global_colors_info=&#8221;{}&#8221;][et_pb_column type=&#8221;1_2&#8243; _builder_version=&#8221;4.16&#8243; pac_dcm_carousel_specific_module_num=&#8221;0&#8243; global_colors_info=&#8221;{}&#8221;][et_pb_image src=&#8221;https:\/\/collabor8district.com\/wp-content\/uploads\/2024\/06\/IMG_9663-1-287&#215;300.jpg&#8221; title_text=&#8221;IMG_9663 (1)&#8221; align=&#8221;center&#8221; _builder_version=&#8221;4.24.3&#8243; width=&#8221;50%&#8221; border_radii=&#8221;on|62%|62%|62%|62%&#8221; global_colors_info=&#8221;{}&#8221;][\/et_pb_image][et_pb_text _builder_version=&#8221;4.24.3&#8243; _module_preset=&#8221;default&#8221; text_orientation=&#8221;center&#8221; global_colors_info=&#8221;{}&#8221;]<\/p>\n<p><span><strong>K\u00e1roly Hev\u00e9r<\/strong><br \/>Sales and Operations Manager<\/span><\/p>\n<p>[\/et_pb_text][\/et_pb_column][et_pb_column type=&#8221;1_2&#8243; _builder_version=&#8221;4.16&#8243; pac_dcm_carousel_specific_module_num=&#8221;0&#8243; global_colors_info=&#8221;{}&#8221;][et_pb_image src=&#8221;https:\/\/collabor8district.com\/wp-content\/uploads\/2022\/05\/general-manager.jpg&#8221; title_text=&#8221;general-manager&#8221; align=&#8221;center&#8221; _builder_version=&#8221;4.17.1&#8243; width=&#8221;50%&#8221; border_radii=&#8221;on|62%|62%|62%|62%&#8221; global_colors_info=&#8221;{}&#8221;][\/et_pb_image][et_pb_text _builder_version=&#8221;4.17.1&#8243; _module_preset=&#8221;default&#8221; text_orientation=&#8221;center&#8221; global_colors_info=&#8221;{}&#8221;]<\/p>\n<p><span><strong>Jul Montserrat<\/strong><br \/>General Manager<\/span><\/p>\n<p>[\/et_pb_text][\/et_pb_column][\/et_pb_row][et_pb_row _builder_version=&#8221;4.16&#8243; global_colors_info=&#8221;{}&#8221;][et_pb_column type=&#8221;4_4&#8243; _builder_version=&#8221;4.16&#8243; pac_dcm_carousel_specific_module_num=&#8221;0&#8243; global_colors_info=&#8221;{}&#8221;][et_pb_button button_url=&#8221;@ET-DC@eyJkeW5hbWljIjp0cnVlLCJjb250ZW50IjoicG9zdF9saW5rX3VybF9wYWdlIiwic2V0dGluZ3MiOnsicG9zdF9pZCI6IjY0In19@&#8221; button_text=&#8221;TAL\u00c1LKOZZUNK!&#8221; button_alignment=&#8221;center&#8221; _builder_version=&#8221;4.17.1&#8243; _dynamic_attributes=&#8221;button_url&#8221; custom_margin=&#8221;0px||||false|false&#8221; global_colors_info=&#8221;{}&#8221;][\/et_pb_button][\/et_pb_column][\/et_pb_row][\/et_pb_section][et_pb_section fb_built=&#8221;1&#8243; _builder_version=&#8221;4.16&#8243; module_alignment=&#8221;center&#8221; custom_padding=&#8221;0px||0px||true|&#8221; global_colors_info=&#8221;{}&#8221;][et_pb_row column_structure=&#8221;1_3,1_3,1_3&#8243; use_custom_gutter=&#8221;on&#8221; gutter_width=&#8221;1&#8243; make_equal=&#8221;on&#8221; _builder_version=&#8221;4.24.3&#8243; width=&#8221;100%&#8221; max_width=&#8221;100%&#8221; custom_padding=&#8221;0px||0px|||&#8221; global_colors_info=&#8221;{}&#8221;][et_pb_column type=&#8221;1_3&#8243; _builder_version=&#8221;4.24.3&#8243; background_image=&#8221;https:\/\/collabor8district.com\/wp-content\/uploads\/2024\/04\/c17c947b-9456-463a-84a0-ab0fafe74f01.jpg&#8221; pac_dcm_carousel_specific_module_num=&#8221;0&#8243; global_colors_info=&#8221;{}&#8221;][et_pb_divider show_divider=&#8221;off&#8221; _builder_version=&#8221;4.16&#8243; custom_padding=&#8221;125px||125px||true|false&#8221; global_colors_info=&#8221;{}&#8221;][\/et_pb_divider][\/et_pb_column][et_pb_column type=&#8221;1_3&#8243; _builder_version=&#8221;4.24.3&#8243; background_image=&#8221;https:\/\/collabor8district.com\/wp-content\/uploads\/2024\/06\/IMG_4270-2-scaled.jpg&#8221; pac_dcm_carousel_specific_module_num=&#8221;0&#8243; global_colors_info=&#8221;{}&#8221;][et_pb_divider show_divider=&#8221;off&#8221; _builder_version=&#8221;4.16&#8243; custom_padding=&#8221;125px||125px||true|false&#8221; global_colors_info=&#8221;{}&#8221;][\/et_pb_divider][\/et_pb_column][et_pb_column type=&#8221;1_3&#8243; _builder_version=&#8221;4.24.3&#8243; background_image=&#8221;https:\/\/collabor8district.com\/wp-content\/uploads\/2024\/04\/f05b567c-5a7a-40c7-b030-ebedf6d2afb6-1.jpg&#8221; pac_dcm_carousel_specific_module_num=&#8221;0&#8243; global_colors_info=&#8221;{}&#8221;][et_pb_divider show_divider=&#8221;off&#8221; _builder_version=&#8221;4.16&#8243; custom_padding=&#8221;125px||125px||true|false&#8221; global_colors_info=&#8221;{}&#8221;][\/et_pb_divider][\/et_pb_column][\/et_pb_row][et_pb_row column_structure=&#8221;1_3,1_3,1_3&#8243; use_custom_gutter=&#8221;on&#8221; gutter_width=&#8221;1&#8243; make_equal=&#8221;on&#8221; _builder_version=&#8221;4.24.3&#8243; width=&#8221;100%&#8221; max_width=&#8221;100%&#8221; module_alignment=&#8221;center&#8221; custom_padding=&#8221;0px||0px|||&#8221; global_colors_info=&#8221;{}&#8221;][et_pb_column type=&#8221;1_3&#8243; _builder_version=&#8221;4.24.3&#8243; background_image=&#8221;https:\/\/collabor8district.com\/wp-content\/uploads\/2024\/06\/IMG_5273.jpg&#8221; pac_dcm_carousel_specific_module_num=&#8221;0&#8243; global_colors_info=&#8221;{}&#8221;][et_pb_divider show_divider=&#8221;off&#8221; _builder_version=&#8221;4.16&#8243; custom_padding=&#8221;125px||125px||true|false&#8221; global_colors_info=&#8221;{}&#8221;][\/et_pb_divider][\/et_pb_column][et_pb_column type=&#8221;1_3&#8243; _builder_version=&#8221;4.24.3&#8243; background_image=&#8221;https:\/\/collabor8district.com\/wp-content\/uploads\/2024\/06\/ca1b5379-55f7-4f75-bfdd-f931bdc728a4.jpg&#8221; pac_dcm_carousel_specific_module_num=&#8221;0&#8243; global_colors_info=&#8221;{}&#8221;][et_pb_divider show_divider=&#8221;off&#8221; _builder_version=&#8221;4.16&#8243; custom_padding=&#8221;125px||125px||true|false&#8221; global_colors_info=&#8221;{}&#8221;][\/et_pb_divider][\/et_pb_column][et_pb_column type=&#8221;1_3&#8243; _builder_version=&#8221;4.16&#8243; background_color=&#8221;#00c2cb&#8221; background_enable_image=&#8221;off&#8221; custom_padding=&#8221;3%||3%||true|false&#8221; pac_dcm_carousel_specific_module_num=&#8221;0&#8243; global_colors_info=&#8221;{}&#8221;][et_pb_blurb title=&#8221;GAL\u00c9RIA MEGNYIT\u00c1SA&#8221; use_icon=&#8221;on&#8221; font_icon=&#8221;&#xe00f;||divi||400&#8243; icon_color=&#8221;#ffffff&#8221; _builder_version=&#8221;4.16&#8243; header_font=&#8221;|700|||||||&#8221; header_text_align=&#8221;center&#8221; header_font_size=&#8221;17px&#8221; background_layout=&#8221;dark&#8221; custom_margin=&#8221;||||false|false&#8221; custom_padding=&#8221;||||false|false&#8221; global_colors_info=&#8221;{}&#8221;][\/et_pb_blurb][\/et_pb_column][\/et_pb_row][\/et_pb_section][et_pb_section fb_built=&#8221;1&#8243; _builder_version=&#8221;4.16&#8243; background_enable_color=&#8221;off&#8221; global_colors_info=&#8221;{}&#8221;][et_pb_row _builder_version=&#8221;4.16&#8243; global_colors_info=&#8221;{}&#8221;][et_pb_column type=&#8221;4_4&#8243; _builder_version=&#8221;4.16&#8243; pac_dcm_carousel_specific_module_num=&#8221;0&#8243; global_colors_info=&#8221;{}&#8221;][et_pb_text _builder_version=&#8221;4.16&#8243; header_2_font=&#8221;|700|||||||&#8221; header_2_text_color=&#8221;#212121&#8243; header_2_font_size=&#8221;3em&#8221; header_6_text_color=&#8221;#00e1dd&#8221; header_6_font_size=&#8221;0.94em&#8221; global_colors_info=&#8221;{}&#8221;]<\/p>\n<h2 class=\"sc_item_title sc_title_title sc_align_center sc_item_title_style_default\" style=\"text-align: center;\">Tal\u00e1ld Meg a Helyed<\/h2>\n<p>[\/et_pb_text][et_pb_button button_url=&#8221;@ET-DC@eyJkeW5hbWljIjp0cnVlLCJjb250ZW50IjoicG9zdF9saW5rX3VybF9wYWdlIiwic2V0dGluZ3MiOnsicG9zdF9pZCI6IjY0In19@&#8221; button_text=&#8221;Regisztr\u00e1lj!&#8221; button_alignment=&#8221;center&#8221; _builder_version=&#8221;4.17.1&#8243; _dynamic_attributes=&#8221;button_url&#8221; custom_margin=&#8221;||||false|false&#8221; custom_padding=&#8221;||||true|true&#8221; global_colors_info=&#8221;{}&#8221;][\/et_pb_button][et_pb_text _builder_version=&#8221;4.17.1&#8243; global_colors_info=&#8221;{}&#8221;]<\/p>\n<p style=\"text-align: center;\">Not sure? <a href=\"https:\/\/collabor8district.com\/hu\/lepj-kapcsolatba-velunk\/\"><strong><span style=\"text-decoration: underline; color: black; text-decoration-color: #00E1DD; text-decoration-thickness: 3px;\">BOOK A TOUR<\/span><\/strong><\/a><\/p>\n<p>[\/et_pb_text][\/et_pb_column][\/et_pb_row][\/et_pb_section]<\/p>\n","protected":false},"excerpt":{"rendered":"<p>R\u00f3lunkAmikor csak sz\u00fcks\u00e9ge van r\u00e1nk A Collabor8district k\u00f6z\u00f6ss\u00e9gi iroda a Palotanegyed sz\u00edv\u00e9ben, a K\u00e1lvin t\u00e9rt\u0151l p\u00e1r perc s\u00e9t\u00e1ra, egy nagyon k\u00f6zponti \u00e9s k\u00f6nnyen megk\u00f6zel\u00edthet\u0151 helyen tal\u00e1lhat\u00f3 a 8. ker\u00fcletben, ami az elm\u00falt \u00e9vek sor\u00e1n az egyik legt\u00f6bbet fejl\u0151d\u00f6tt a ker\u00fcletek k\u00f6z\u00fcl. Collabor8district egy minimalista, de inspir\u00e1l\u00f3 k\u00f6rnyezet egyedi munka\u00e1llom\u00e1sokkal, t\u00e1rgyal\u00f3 teremmel felszerelt, r\u00f6vid \u00e9s hossz\u00fa [&hellip;]<\/p>\n","protected":false},"author":1,"featured_media":0,"parent":0,"menu_order":0,"comment_status":"closed","ping_status":"closed","template":"","meta":{"_et_pb_use_builder":"on","_et_pb_old_content":"","_et_gb_content_width":"","rank_math_lock_modified_date":false,"footnotes":""},"class_list":["post-826","page","type-page","status-publish","hentry"],"_links":{"self":[{"href":"https:\/\/collabor8district.com\/hu\/wp-json\/wp\/v2\/pages\/826","targetHints":{"allow":["GET"]}}],"collection":[{"href":"https:\/\/collabor8district.com\/hu\/wp-json\/wp\/v2\/pages"}],"about":[{"href":"https:\/\/collabor8district.com\/hu\/wp-json\/wp\/v2\/types\/page"}],"author":[{"embeddable":true,"href":"https:\/\/collabor8district.com\/hu\/wp-json\/wp\/v2\/users\/1"}],"replies":[{"embeddable":true,"href":"https:\/\/collabor8district.com\/hu\/wp-json\/wp\/v2\/comments?post=826"}],"version-history":[{"count":15,"href":"https:\/\/collabor8district.com\/hu\/wp-json\/wp\/v2\/pages\/826\/revisions"}],"predecessor-version":[{"id":1882,"href":"https:\/\/collabor8district.com\/hu\/wp-json\/wp\/v2\/pages\/826\/revisions\/1882"}],"wp:attachment":[{"href":"https:\/\/collabor8district.com\/hu\/wp-json\/wp\/v2\/media?parent=826"}],"curies":[{"name":"wp","href":"https:\/\/api.w.org\/{rel}","templated":true}]}}